{"id":222,"date":"2018-10-26T02:31:56","date_gmt":"2018-10-26T02:31:56","guid":{"rendered":"http:\/\/www.inflamigos.com.mx\/blog\/?page_id=222"},"modified":"2019-10-17T20:49:15","modified_gmt":"2019-10-17T20:49:15","slug":"nosotros-blog-inflamigos","status":"publish","type":"page","link":"https:\/\/www.inflamigos.com\/blog\/nosotros-blog-inflamigos\/","title":{"rendered":"Nosotros"},"content":{"rendered":"\n<figure class=\"wp-block-image is-resized\"><img data-recalc-dims=\"1\" loading=\"lazy\" decoding=\"async\" src=\"https:\/\/i0.wp.com\/www.inflamigos.com.mx\/blog\/wp-content\/uploads\/2014\/10\/postal-castillo-aventura-1024x768.jpg?resize=525%2C394&#038;ssl=1\" alt=\"inflable castillo aventura en chapoteadero\" class=\"wp-image-212\" width=\"525\" height=\"394\" srcset=\"https:\/\/i0.wp.com\/www.inflamigos.com\/blog\/wp-content\/uploads\/2014\/10\/postal-castillo-aventura.jpg?resize=1024%2C768&amp;ssl=1 1024w, https:\/\/i0.wp.com\/www.inflamigos.com\/blog\/wp-content\/uploads\/2014\/10\/postal-castillo-aventura.jpg?resize=300%2C225&amp;ssl=1 300w, https:\/\/i0.wp.com\/www.inflamigos.com\/blog\/wp-content\/uploads\/2014\/10\/postal-castillo-aventura.jpg?w=1575&amp;ssl=1 1575w\" sizes=\"auto, (max-width: 525px) 100vw, 525px\" \/><\/figure>\n\n\n<p><strong>Nosotros Inflamigos<\/strong> somos una empresa que nace a finales del 2008, para satisfacer las necesidades tanto de familias como de empresas, que requieren de entretenimiento sano y recreativo para sus ni\u00f1os en sus eventos.<\/p>\n<p>Nuestros brincolines son innovadores, fabricados con material importado y de alta calidad, con el respaldo de nuestros proveedores.<\/p>\n<h4>Brincolines inflables \u00ab<strong>Inflamigos\u00bb<\/strong>\u00a0en\u00a0<strong>Playa del Carmen<\/strong>\u00a0y toda la\u00a0<strong>Riviera Maya<\/strong>.<\/h4>\n<p>Ofrecemos entretenimiento infantil en la Riviera Maya. Estamos en\u00a0<strong>Playa del Carmen<\/strong>\u00a0y hemos llevado diversi\u00f3n con nuestros brincolines inflables a:\u00a0<strong>Cancun<\/strong>, Carrillo Puerto,\u00a0<strong>Puerto Morelos, Puerto Aventuras, Akumal<\/strong>,\u00a0<strong>Tul\u00fam<\/strong>\u00a0y Felipe May.<\/p>\n<p>Inflamigos, ofrece servicio de renta de juegos inflables a toda la Riviera Maya, brindando entretenimiento infantil para tus eventos: empresariales, campa\u00f1as publicitarias, graduaciones, primera comuni\u00f3n, bautizo, confirmaci\u00f3n, cumplea\u00f1os, bodas, quincea\u00f1os, ferias, expos, hoteles, posadas, halloween y otros eventos especiales.<\/p>\n<h3>Visi\u00f3n<\/h3>\n<p>Nuestra visi\u00f3n es ser su opci\u00f3n numero uno, cuando requiera de entretenimiento sano para sus ni\u00f1os en todas sus fiestas y eventos.<\/p>\n<p>\u00a0<\/p>\n<h3>Misi\u00f3n<\/h3>\n<p>Lograr su completa satisfacci\u00f3n en cada uno de nuestros servicios y ganar con ello su confianza.<\/p>\n<p>\u00a0<\/p>","protected":false},"excerpt":{"rendered":"<p>Nosotros Inflamigos somos una empresa que nace a finales del 2008, para satisfacer las necesidades tanto de familias como de empresas, que requieren de entretenimiento&hellip;<\/p>\n","protected":false},"author":1,"featured_media":212,"parent":0,"menu_order":0,"comment_status":"open","ping_status":"open","template":"","meta":{"jetpack_post_was_ever_published":false,"footnotes":""},"class_list":["post-222","page","type-page","status-publish","has-post-thumbnail","hentry"],"yoast_head":"<!-- This site is optimized with the Yoast SEO plugin v24.4 - https:\/\/yoast.com\/wordpress\/plugins\/seo\/ -->\n<title>Nosotros - Blog Inflamigos<\/title>\n<meta name=\"description\" content=\"Inflamigos\u00a0es una empresa que nace a finales del 2008, para satisfacer las nececidades tanto de familias como de empresas\" \/>\n<meta name=\"robots\" content=\"index, follow, max-snippet:-1, max-image-preview:large, max-video-preview:-1\" \/>\n<link rel=\"canonical\" href=\"https:\/\/www.inflamigos.com\/blog\/nosotros-blog-inflamigos\/\" \/>\n<meta property=\"og:locale\" content=\"es_ES\" \/>\n<meta property=\"og:type\" content=\"article\" \/>\n<meta property=\"og:title\" content=\"Nosotros - Blog Inflamigos\" \/>\n<meta property=\"og:description\" content=\"Inflamigos\u00a0es una empresa que nace a finales del 2008, para satisfacer las nececidades tanto de familias como de empresas\" \/>\n<meta property=\"og:url\" content=\"https:\/\/www.inflamigos.com\/blog\/nosotros-blog-inflamigos\/\" \/>\n<meta property=\"og:site_name\" content=\"Blog Inflamigos\" \/>\n<meta property=\"article:modified_time\" content=\"2019-10-17T20:49:15+00:00\" \/>\n<meta property=\"og:image\" content=\"https:\/\/i0.wp.com\/www.inflamigos.com\/blog\/wp-content\/uploads\/2014\/10\/postal-castillo-aventura.jpg?fit=2560%2C1920&ssl=1\" \/>\n\t<meta property=\"og:image:width\" content=\"2560\" \/>\n\t<meta property=\"og:image:height\" content=\"1920\" \/>\n\t<meta property=\"og:image:type\" content=\"image\/jpeg\" \/>\n<meta name=\"twitter:label1\" content=\"Tiempo de lectura\" \/>\n\t<meta name=\"twitter:data1\" content=\"1 minuto\" \/>\n<script type=\"application\/ld+json\" class=\"yoast-schema-graph\">{\"@context\":\"https:\/\/schema.org\",\"@graph\":[{\"@type\":\"WebPage\",\"@id\":\"https:\/\/www.inflamigos.com\/blog\/nosotros-blog-inflamigos\/\",\"url\":\"https:\/\/www.inflamigos.com\/blog\/nosotros-blog-inflamigos\/\",\"name\":\"Nosotros - Blog Inflamigos\",\"isPartOf\":{\"@id\":\"https:\/\/www.inflamigos.com\/blog\/#website\"},\"primaryImageOfPage\":{\"@id\":\"https:\/\/www.inflamigos.com\/blog\/nosotros-blog-inflamigos\/#primaryimage\"},\"image\":{\"@id\":\"https:\/\/www.inflamigos.com\/blog\/nosotros-blog-inflamigos\/#primaryimage\"},\"thumbnailUrl\":\"https:\/\/i0.wp.com\/www.inflamigos.com\/blog\/wp-content\/uploads\/2014\/10\/postal-castillo-aventura.jpg?fit=2560%2C1920&ssl=1\",\"datePublished\":\"2018-10-26T02:31:56+00:00\",\"dateModified\":\"2019-10-17T20:49:15+00:00\",\"description\":\"Inflamigos\u00a0es una empresa que nace a finales del 2008, para satisfacer las nececidades tanto de familias como de empresas\",\"breadcrumb\":{\"@id\":\"https:\/\/www.inflamigos.com\/blog\/nosotros-blog-inflamigos\/#breadcrumb\"},\"inLanguage\":\"es\",\"potentialAction\":[{\"@type\":\"ReadAction\",\"target\":[\"https:\/\/www.inflamigos.com\/blog\/nosotros-blog-inflamigos\/\"]}]},{\"@type\":\"ImageObject\",\"inLanguage\":\"es\",\"@id\":\"https:\/\/www.inflamigos.com\/blog\/nosotros-blog-inflamigos\/#primaryimage\",\"url\":\"https:\/\/i0.wp.com\/www.inflamigos.com\/blog\/wp-content\/uploads\/2014\/10\/postal-castillo-aventura.jpg?fit=2560%2C1920&ssl=1\",\"contentUrl\":\"https:\/\/i0.wp.com\/www.inflamigos.com\/blog\/wp-content\/uploads\/2014\/10\/postal-castillo-aventura.jpg?fit=2560%2C1920&ssl=1\",\"width\":2560,\"height\":1920,\"caption\":\"inflable castillo aventura en chapoteadero\"},{\"@type\":\"BreadcrumbList\",\"@id\":\"https:\/\/www.inflamigos.com\/blog\/nosotros-blog-inflamigos\/#breadcrumb\",\"itemListElement\":[{\"@type\":\"ListItem\",\"position\":1,\"name\":\"Home\",\"item\":\"https:\/\/www.inflamigos.com\/blog\/\"},{\"@type\":\"ListItem\",\"position\":2,\"name\":\"Nosotros\"}]},{\"@type\":\"WebSite\",\"@id\":\"https:\/\/www.inflamigos.com\/blog\/#website\",\"url\":\"https:\/\/www.inflamigos.com\/blog\/\",\"name\":\"Blog Inflamigos\",\"description\":\"Entretenimiento y art\u00edculos de inter\u00e9s para padres e hijos.\",\"potentialAction\":[{\"@type\":\"SearchAction\",\"target\":{\"@type\":\"EntryPoint\",\"urlTemplate\":\"https:\/\/www.inflamigos.com\/blog\/?s={search_term_string}\"},\"query-input\":{\"@type\":\"PropertyValueSpecification\",\"valueRequired\":true,\"valueName\":\"search_term_string\"}}],\"inLanguage\":\"es\"}]}<\/script>\n<!-- \/ Yoast SEO plugin. -->","yoast_head_json":{"title":"Nosotros - Blog Inflamigos","description":"Inflamigos\u00a0es una empresa que nace a finales del 2008, para satisfacer las nececidades tanto de familias como de empresas","robots":{"index":"index","follow":"follow","max-snippet":"max-snippet:-1","max-image-preview":"max-image-preview:large","max-video-preview":"max-video-preview:-1"},"canonical":"https:\/\/www.inflamigos.com\/blog\/nosotros-blog-inflamigos\/","og_locale":"es_ES","og_type":"article","og_title":"Nosotros - Blog Inflamigos","og_description":"Inflamigos\u00a0es una empresa que nace a finales del 2008, para satisfacer las nececidades tanto de familias como de empresas","og_url":"https:\/\/www.inflamigos.com\/blog\/nosotros-blog-inflamigos\/","og_site_name":"Blog Inflamigos","article_modified_time":"2019-10-17T20:49:15+00:00","og_image":[{"width":2560,"height":1920,"url":"https:\/\/i0.wp.com\/www.inflamigos.com\/blog\/wp-content\/uploads\/2014\/10\/postal-castillo-aventura.jpg?fit=2560%2C1920&ssl=1","type":"image\/jpeg"}],"twitter_misc":{"Tiempo de lectura":"1 minuto"},"schema":{"@context":"https:\/\/schema.org","@graph":[{"@type":"WebPage","@id":"https:\/\/www.inflamigos.com\/blog\/nosotros-blog-inflamigos\/","url":"https:\/\/www.inflamigos.com\/blog\/nosotros-blog-inflamigos\/","name":"Nosotros - Blog Inflamigos","isPartOf":{"@id":"https:\/\/www.inflamigos.com\/blog\/#website"},"primaryImageOfPage":{"@id":"https:\/\/www.inflamigos.com\/blog\/nosotros-blog-inflamigos\/#primaryimage"},"image":{"@id":"https:\/\/www.inflamigos.com\/blog\/nosotros-blog-inflamigos\/#primaryimage"},"thumbnailUrl":"https:\/\/i0.wp.com\/www.inflamigos.com\/blog\/wp-content\/uploads\/2014\/10\/postal-castillo-aventura.jpg?fit=2560%2C1920&ssl=1","datePublished":"2018-10-26T02:31:56+00:00","dateModified":"2019-10-17T20:49:15+00:00","description":"Inflamigos\u00a0es una empresa que nace a finales del 2008, para satisfacer las nececidades tanto de familias como de empresas","breadcrumb":{"@id":"https:\/\/www.inflamigos.com\/blog\/nosotros-blog-inflamigos\/#breadcrumb"},"inLanguage":"es","potentialAction":[{"@type":"ReadAction","target":["https:\/\/www.inflamigos.com\/blog\/nosotros-blog-inflamigos\/"]}]},{"@type":"ImageObject","inLanguage":"es","@id":"https:\/\/www.inflamigos.com\/blog\/nosotros-blog-inflamigos\/#primaryimage","url":"https:\/\/i0.wp.com\/www.inflamigos.com\/blog\/wp-content\/uploads\/2014\/10\/postal-castillo-aventura.jpg?fit=2560%2C1920&ssl=1","contentUrl":"https:\/\/i0.wp.com\/www.inflamigos.com\/blog\/wp-content\/uploads\/2014\/10\/postal-castillo-aventura.jpg?fit=2560%2C1920&ssl=1","width":2560,"height":1920,"caption":"inflable castillo aventura en chapoteadero"},{"@type":"BreadcrumbList","@id":"https:\/\/www.inflamigos.com\/blog\/nosotros-blog-inflamigos\/#breadcrumb","itemListElement":[{"@type":"ListItem","position":1,"name":"Home","item":"https:\/\/www.inflamigos.com\/blog\/"},{"@type":"ListItem","position":2,"name":"Nosotros"}]},{"@type":"WebSite","@id":"https:\/\/www.inflamigos.com\/blog\/#website","url":"https:\/\/www.inflamigos.com\/blog\/","name":"Blog Inflamigos","description":"Entretenimiento y art\u00edculos de inter\u00e9s para padres e hijos.","potentialAction":[{"@type":"SearchAction","target":{"@type":"EntryPoint","urlTemplate":"https:\/\/www.inflamigos.com\/blog\/?s={search_term_string}"},"query-input":{"@type":"PropertyValueSpecification","valueRequired":true,"valueName":"search_term_string"}}],"inLanguage":"es"}]}},"jetpack_shortlink":"https:\/\/wp.me\/Pc9ygC-3A","jetpack_sharing_enabled":true,"_links":{"self":[{"href":"https:\/\/www.inflamigos.com\/blog\/wp-json\/wp\/v2\/pages\/222","targetHints":{"allow":["GET"]}}],"collection":[{"href":"https:\/\/www.inflamigos.com\/blog\/wp-json\/wp\/v2\/pages"}],"about":[{"href":"https:\/\/www.inflamigos.com\/blog\/wp-json\/wp\/v2\/types\/page"}],"author":[{"embeddable":true,"href":"https:\/\/www.inflamigos.com\/blog\/wp-json\/wp\/v2\/users\/1"}],"replies":[{"embeddable":true,"href":"https:\/\/www.inflamigos.com\/blog\/wp-json\/wp\/v2\/comments?post=222"}],"version-history":[{"count":3,"href":"https:\/\/www.inflamigos.com\/blog\/wp-json\/wp\/v2\/pages\/222\/revisions"}],"predecessor-version":[{"id":541,"href":"https:\/\/www.inflamigos.com\/blog\/wp-json\/wp\/v2\/pages\/222\/revisions\/541"}],"wp:featuredmedia":[{"embeddable":true,"href":"https:\/\/www.inflamigos.com\/blog\/wp-json\/wp\/v2\/media\/212"}],"wp:attachment":[{"href":"https:\/\/www.inflamigos.com\/blog\/wp-json\/wp\/v2\/media?parent=222"}],"curies":[{"name":"wp","href":"https:\/\/api.w.org\/{rel}","templated":true}]}}